{"id":6207,"date":"2025-11-05T16:22:54","date_gmt":"2025-11-05T16:22:54","guid":{"rendered":"https:\/\/synesthesia5global.website\/?page_id=6207"},"modified":"2026-01-17T16:03:55","modified_gmt":"2026-01-17T16:03:55","slug":"omnichanel","status":"publish","type":"page","link":"https:\/\/synesthesia5global.website\/index.php\/omnichanel\/","title":{"rendered":"Omnichanel"},"content":{"rendered":"<div class=\"wpb-content-wrapper\"><p>[vc_row row_style=&#8221;full-screen&#8221; overlap=&#8221;top&#8221; overlap_distance=&#8221;20px&#8221; overlap_index=&#8221;50&#8243; vertical_align=&#8221;middle&#8221; padding_size=&#8221;no-padding&#8221; background_style=&#8221;cover&#8221; background_color=&#8221;#FFFFFF&#8221; background_image=&#8221;5136&#8243; bg_image_url=&#8221;https:\/\/synesthesia5global.website\/wp-content\/uploads\/2024\/10\/Punta-Canada-conflicto-150&#215;150.jpg&#8221;][vc_column overlap=&#8221;top&#8221; overlap_distance=&#8221;30px&#8221; overlap_index=&#8221;50&#8243; padding_size=&#8221;no-padding&#8221;][vc_row_inner vertical_align=&#8221;middle&#8221;][vc_column_inner overlap=&#8221;top&#8221; overlap_distance=&#8221;100px&#8221; overlap_index=&#8221;100&#8243; text_align=&#8221;right&#8221; padding_size=&#8221;no-padding&#8221; width=&#8221;1\/3&#8243;][vc_single_image img_size=&#8221;overlap-medium&#8221; alignment=&#8221;center&#8221; image=&#8221;5143&#8243;][vc_column_text]<\/p>\n<p style=\"text-align: center; margin-bottom: 0; line-height: 1;\"><span style=\"font-size: 35px; text-shadow: #888888 2px 2px 4px;\"><span style=\"color: #ffffff;\"><strong>Ofrecemos a los clientes una experiencia de compra fluida, ya sea que compren en l\u00ednea, desde una computadora de escritorio, una tableta, un dispositivo m\u00f3vil o en una tienda f\u00edsica.<\/strong><\/span><br \/>\n<\/span><\/p>\n<p style=\"text-align: center; margin-top: 0; line-height: 1;\"><span style=\"font-size: 35px; text-shadow: #888888 2px 2px 4px;\"><br \/>\n<span style=\"color: #ffffff;\"><strong>Eso fusiona el mundo f\u00edsico con el mundo IXR.<\/strong><\/span><br \/>\n<\/span><\/p>\n<p>[\/vc_column_text][\/vc_column_inner][vc_column_inner width=&#8221;1\/3&#8243;][\/vc_column_inner][vc_column_inner overlap=&#8221;left&#8221; overlap_distance=&#8221;120px&#8221; overlap_index=&#8221;100&#8243; padding_size=&#8221;no-padding&#8221; width=&#8221;1\/3&#8243;][vc_empty_space height=&#8221;400px&#8221;][vc_raw_html css=&#8221;&#8221;]JTNDZGl2JTIwc3R5bGUlM0QlMjJiYWNrZ3JvdW5kLWNvbG9yJTNBJTIwYmxhY2slM0IlMjBvdmVyZmxvdyUzQSUyMGhpZGRlbiUzQiUyMGJvcmRlci1yYWRpdXMlM0ElMjAzNXB4JTNCJTIwd2lkdGglM0ElMjA0ODBweCUzQiUyMGhlaWdodCUzQTQ4MHB4JTNCJTIyJTNFJTBBJTIwJTIwJTIwJTIwJTNDdmlkZW8lMjB3aWR0aCUzRCUyMjQ4MCUyMiUyMGhlaWdodCUzRCUyMjQ4MCUyMiUyMGxvb3AlMjBhdXRvcGxheSUyMG11dGVkJTIwc3R5bGUlM0QlMjJkaXNwbGF5JTNBJTIwYmxvY2slM0IlMjBib3JkZXItcmFkaXVzJTNBJTIwMjVweCUzQiUyMG9wYWNpdHklM0ElMjAxJTNCJTIyJTIwY29udHJvbHNsaXN0JTNEJTIybm9kb3dubG9hZCUyMiUyMGRpc2FibGVwaWN0dXJlaW5waWN0dXJlJTNFJTBBJTIwJTIwJTIwJTIwJTIwJTIwJTIwJTIwJTNDc291cmNlJTIwc3JjJTNEJTIyaHR0cHMlM0ElMkYlMkZzeW5lc3RoZXNpYTVnbG9iYWwud2Vic2l0ZSUyRndwLWNvbnRlbnQlMkZ1cGxvYWRzJTJGMjAyNCUyRjEwJTJGTWVkaWEtMS5tcDQlMjIlM0UlMEElMjAlMjAlMjAlMjAlMjAlMjAlMjAlMjBUdSUyMG5hdmVnYWRvciUyMG5vJTIwc29wb3J0YSUyMGxhJTIwZXRpcXVldGElMjBkZSUyMHZpZGVvLiUwQSUyMCUyMCUyMCUyMCUzQyUyRnZpZGVvJTNFJTBBJTNDJTJGZGl2JTNF[\/vc_raw_html][\/vc_column_inner][\/vc_row_inner][\/vc_column][\/vc_row]<\/p>\n<\/div>","protected":false},"excerpt":{"rendered":"<p>[vc_row row_style=&#8221;full-screen&#8221; overlap=&#8221;top&#8221; overlap_distance=&#8221;20px&#8221; overlap_index=&#8221;50&#8243; vertical_align=&#8221;middle&#8221; padding_size=&#8221;no-padding&#8221; background_style=&#8221;cover&#8221; background_color=&#8221;#FFFFFF&#8221; background_image=&#8221;5136&#8243; bg_image_url=&#8221;https:\/\/synesthesia5global.website\/wp-content\/uploads\/2024\/10\/Punta-Canada-conflicto-150&#215;150.jpg&#8221;][vc_column overlap=&#8221;top&#8221; overlap_distance=&#8221;30px&#8221; overlap_index=&#8221;50&#8243; padding_size=&#8221;no-padding&#8221;][vc_row_inner vertical_align=&#8221;middle&#8221;][vc_column_inner overlap=&#8221;top&#8221; overlap_distance=&#8221;100px&#8221; overlap_index=&#8221;100&#8243; text_align=&#8221;right&#8221; padding_size=&#8221;no-padding&#8221; width=&#8221;1\/3&#8243;][vc_single_image img_size=&#8221;overlap-medium&#8221; alignment=&#8221;center&#8221; image=&#8221;5143&#8243;][vc_column_text] Ofrecemos a los clientes una experiencia de compra fluida, ya sea que compren en l\u00ednea, desde una computadora de escritorio, una tableta, un dispositivo m\u00f3vil o en una tienda f\u00edsica. [&hellip;]<\/p>\n","protected":false},"author":2,"featured_media":0,"parent":0,"menu_order":0,"comment_status":"closed","ping_status":"closed","template":"","meta":{"_monsterinsights_skip_tracking":false,"_monsterinsights_sitenote_active":false,"_monsterinsights_sitenote_note":"","_monsterinsights_sitenote_category":0,"footnotes":""},"class_list":["post-6207","page","type-page","status-publish","hentry"],"aioseo_notices":[],"_links":{"self":[{"href":"https:\/\/synesthesia5global.website\/index.php\/wp-json\/wp\/v2\/pages\/6207","targetHints":{"allow":["GET"]}}],"collection":[{"href":"https:\/\/synesthesia5global.website\/index.php\/wp-json\/wp\/v2\/pages"}],"about":[{"href":"https:\/\/synesthesia5global.website\/index.php\/wp-json\/wp\/v2\/types\/page"}],"author":[{"embeddable":true,"href":"https:\/\/synesthesia5global.website\/index.php\/wp-json\/wp\/v2\/users\/2"}],"replies":[{"embeddable":true,"href":"https:\/\/synesthesia5global.website\/index.php\/wp-json\/wp\/v2\/comments?post=6207"}],"version-history":[{"count":2,"href":"https:\/\/synesthesia5global.website\/index.php\/wp-json\/wp\/v2\/pages\/6207\/revisions"}],"predecessor-version":[{"id":6463,"href":"https:\/\/synesthesia5global.website\/index.php\/wp-json\/wp\/v2\/pages\/6207\/revisions\/6463"}],"wp:attachment":[{"href":"https:\/\/synesthesia5global.website\/index.php\/wp-json\/wp\/v2\/media?parent=6207"}],"curies":[{"name":"wp","href":"https:\/\/api.w.org\/{rel}","templated":true}]}}